{"id":1511,"date":"2023-04-05T13:02:10","date_gmt":"2023-04-05T11:02:10","guid":{"rendered":"http:\/\/boeswirths-bauernmarkt.de\/home\/?page_id=1511"},"modified":"2023-05-03T14:54:50","modified_gmt":"2023-05-03T12:54:50","slug":"idee-2","status":"publish","type":"page","link":"https:\/\/boeswirths-bauernmarkt.de\/home\/idee-2\/","title":{"rendered":"idee"},"content":{"rendered":"\n<h3 class=\"wp-block-heading has-text-align-center\"><strong>Liebe Genie\u00dferfreunde,<\/strong><\/h3>\n\n\n\n<p class=\"has-text-align-center\"><br>in B\u00f6swirth&#8217;s Bauernmarkt finden Sie ein breites Sortiment an Lebensmitteln aus der Region. Es gibt erstaunlich viele Sch\u00e4tze, die in unserer unmittelbaren Umgebung erzeugt werden. Erntefrisches Obst und Gem\u00fcse, vom Erzeuger direkt auf Ihren Tisch. Fleisch- und Wurstprodukte von Bauern aus unserer Umgebung stehen f\u00fcr wahren Essensgenuss. Wenn Sie Wert auf Nat\u00fcrlichkeit und Frische von Lebensmitteln legen, finden Sie bei uns im Bauernmarkt immer das Passende.<br>Unser Sortiment bietet selbstgemachte Marmelade, handwerklichen K\u00e4se, Nudeln aus regionalen Eier, Tee von heimischen Kr\u00e4utern, Backwaren der Biob\u00e4ckerei G\u00fcrtner um nur einen kleinen Auszug zu nennen.<br>Unsere Produkte leben mit dem Wandel der Jahreszeiten. Schauen Sie beim Bauernmarkt vorbei und \u00fcberzeugen Sie sich selbst von der Frische und Qualit\u00e4t der Lebensmittel aus unserer Heimat.<\/p>\n\n\n\n<div style=\"height:18px\" aria-hidden=\"true\" class=\"wp-block-spacer\"><\/div>\n\n\n\n<p class=\"has-text-align-center\"><strong>Wir freuen uns auf Sie!<\/strong><\/p>\n\n\n\n<p class=\"has-text-align-center has-normal-font-size\" style=\"font-style:italic;font-weight:400\"><strong>Rosmarie B\u00f6swirth und das Team des Bauernmarktes<\/strong><\/p>\n\n\n\n<div style=\"height:100px\" aria-hidden=\"true\" class=\"wp-block-spacer\"><\/div>\n","protected":false},"excerpt":{"rendered":"<p>Liebe Genie\u00dferfreunde, in B\u00f6swirth&#8217;s Bauernmarkt finden Sie ein breites Sortiment an Lebensmitteln aus der Region. Es gibt erstaunlich viele Sch\u00e4tze, die in unserer unmittelbaren Umgebung erzeugt werden. Erntefrisches Obst und Gem\u00fcse, vom Erzeuger direkt auf Ihren Tisch. Fleisch- und Wurstprodukte von Bauern aus unserer Umgebung stehen f\u00fcr wahren Essensgenuss. Wenn Sie Wert auf Nat\u00fcrlichkeit und&hellip;&nbsp;<a href=\"https:\/\/boeswirths-bauernmarkt.de\/home\/idee-2\/\" class=\"\" rel=\"bookmark\">Weiterlesen &raquo;<span class=\"screen-reader-text\">idee<\/span><\/a><\/p>\n","protected":false},"author":4,"featured_media":0,"parent":0,"menu_order":0,"comment_status":"closed","ping_status":"closed","template":"","meta":{"neve_meta_sidebar":"","neve_meta_container":"","neve_meta_enable_content_width":"","neve_meta_content_width":0,"neve_meta_title_alignment":"","neve_meta_author_avatar":"","neve_post_elements_order":"","neve_meta_disable_header":"","neve_meta_disable_footer":"","neve_meta_disable_title":"","footnotes":""},"class_list":["post-1511","page","type-page","status-publish","hentry"],"_links":{"self":[{"href":"https:\/\/boeswirths-bauernmarkt.de\/home\/wp-json\/wp\/v2\/pages\/1511","targetHints":{"allow":["GET"]}}],"collection":[{"href":"https:\/\/boeswirths-bauernmarkt.de\/home\/wp-json\/wp\/v2\/pages"}],"about":[{"href":"https:\/\/boeswirths-bauernmarkt.de\/home\/wp-json\/wp\/v2\/types\/page"}],"author":[{"embeddable":true,"href":"https:\/\/boeswirths-bauernmarkt.de\/home\/wp-json\/wp\/v2\/users\/4"}],"replies":[{"embeddable":true,"href":"https:\/\/boeswirths-bauernmarkt.de\/home\/wp-json\/wp\/v2\/comments?post=1511"}],"version-history":[{"count":4,"href":"https:\/\/boeswirths-bauernmarkt.de\/home\/wp-json\/wp\/v2\/pages\/1511\/revisions"}],"predecessor-version":[{"id":1591,"href":"https:\/\/boeswirths-bauernmarkt.de\/home\/wp-json\/wp\/v2\/pages\/1511\/revisions\/1591"}],"wp:attachment":[{"href":"https:\/\/boeswirths-bauernmarkt.de\/home\/wp-json\/wp\/v2\/media?parent=1511"}],"curies":[{"name":"wp","href":"https:\/\/api.w.org\/{rel}","templated":true}]}}