{"id":24,"date":"2016-04-10T10:28:20","date_gmt":"2016-04-10T08:28:20","guid":{"rendered":"http:\/\/boeswirths-bauernmarkt.de\/?page_id=24"},"modified":"2026-03-02T14:54:06","modified_gmt":"2026-03-02T13:54:06","slug":"home","status":"publish","type":"page","link":"https:\/\/boeswirths-bauernmarkt.de\/home\/","title":{"rendered":"home"},"content":{"rendered":"<div id=\"metaslider-id-1440\" style=\"max-width: 900px; margin: 0 auto;\" class=\"ml-slider-3-109-0 metaslider metaslider-flex metaslider-1440 ml-slider has-dots-nav ms-theme-default\" role=\"region\" aria-label=\"Homepage\" data-height=\"500\" data-width=\"900\">\n    <div id=\"metaslider_container_1440\">\n        <div id=\"metaslider_1440\">\n            <ul class='slides'>\n                <li style=\"display: block; width: 100%;\" class=\"slide-1556 ms-image \" aria-roledescription=\"slide\" data-date=\"2023-04-05 14:45:55\" data-filename=\"Logo-B\u00f6swirthsBauernmarkt.jpg\" data-slide-type=\"image\"><img loading=\"lazy\" decoding=\"async\" width=\"1030\" height=\"582\" src=\"https:\/\/boeswirths-bauernmarkt.de\/wp-content\/uploads\/2016\/05\/Logo-B\u00f6swirthsBauernmarkt.jpg\" class=\"slider-1440 slide-1556 msDefaultImage\" alt=\"\" rel=\"\" title=\"Logo-B\u00f6swirthsBauernmarkt\" srcset=\"https:\/\/boeswirths-bauernmarkt.de\/wp-content\/uploads\/2016\/05\/Logo-B\u00f6swirthsBauernmarkt.jpg 1030w, https:\/\/boeswirths-bauernmarkt.de\/wp-content\/uploads\/2016\/05\/Logo-B\u00f6swirthsBauernmarkt-300x170.jpg 300w, https:\/\/boeswirths-bauernmarkt.de\/wp-content\/uploads\/2016\/05\/Logo-B\u00f6swirthsBauernmarkt-768x434.jpg 768w, https:\/\/boeswirths-bauernmarkt.de\/wp-content\/uploads\/2016\/05\/Logo-B\u00f6swirthsBauernmarkt-705x398.jpg 705w, https:\/\/boeswirths-bauernmarkt.de\/wp-content\/uploads\/2016\/05\/Logo-B\u00f6swirthsBauernmarkt-450x254.jpg 450w\" sizes=\"auto, (max-width: 1030px) 100vw, 1030px\" \/><\/li>\n                <li style=\"display: none; width: 100%;\" class=\"slide-1730 ms-image \" aria-roledescription=\"slide\" data-date=\"2025-04-03 21:42:47\" data-filename=\"WhatsApp-Bild-2025-04-03-um-14.45.05_736ad669.jpg\" data-slide-type=\"image\"><img loading=\"lazy\" decoding=\"async\" width=\"2040\" height=\"1530\" src=\"https:\/\/boeswirths-bauernmarkt.de\/wp-content\/uploads\/2025\/04\/WhatsApp-Bild-2025-04-03-um-14.45.05_736ad669.jpg\" class=\"slider-1440 slide-1730 msDefaultImage\" alt=\"\" rel=\"\" title=\"WhatsApp Bild 2025-04-03 um 14.45.05_736ad669\" srcset=\"https:\/\/boeswirths-bauernmarkt.de\/wp-content\/uploads\/2025\/04\/WhatsApp-Bild-2025-04-03-um-14.45.05_736ad669.jpg 2040w, https:\/\/boeswirths-bauernmarkt.de\/wp-content\/uploads\/2025\/04\/WhatsApp-Bild-2025-04-03-um-14.45.05_736ad669-300x225.jpg 300w, https:\/\/boeswirths-bauernmarkt.de\/wp-content\/uploads\/2025\/04\/WhatsApp-Bild-2025-04-03-um-14.45.05_736ad669-1030x773.jpg 1030w, https:\/\/boeswirths-bauernmarkt.de\/wp-content\/uploads\/2025\/04\/WhatsApp-Bild-2025-04-03-um-14.45.05_736ad669-768x576.jpg 768w, https:\/\/boeswirths-bauernmarkt.de\/wp-content\/uploads\/2025\/04\/WhatsApp-Bild-2025-04-03-um-14.45.05_736ad669-1536x1152.jpg 1536w\" sizes=\"auto, (max-width: 2040px) 100vw, 2040px\" \/><\/li>\n                <li style=\"display: none; width: 100%;\" class=\"slide-1728 ms-image \" aria-roledescription=\"slide\" data-date=\"2025-04-03 21:42:05\" data-filename=\"WhatsApp-Bild-2025-04-03-um-14.45.04_0fc85601.jpg\" data-slide-type=\"image\"><img loading=\"lazy\" decoding=\"async\" width=\"2040\" height=\"1530\" src=\"https:\/\/boeswirths-bauernmarkt.de\/wp-content\/uploads\/2025\/04\/WhatsApp-Bild-2025-04-03-um-14.45.04_0fc85601.jpg\" class=\"slider-1440 slide-1728 msDefaultImage\" alt=\"\" rel=\"\" title=\"WhatsApp Bild 2025-04-03 um 14.45.04_0fc85601\" srcset=\"https:\/\/boeswirths-bauernmarkt.de\/wp-content\/uploads\/2025\/04\/WhatsApp-Bild-2025-04-03-um-14.45.04_0fc85601.jpg 2040w, https:\/\/boeswirths-bauernmarkt.de\/wp-content\/uploads\/2025\/04\/WhatsApp-Bild-2025-04-03-um-14.45.04_0fc85601-300x225.jpg 300w, https:\/\/boeswirths-bauernmarkt.de\/wp-content\/uploads\/2025\/04\/WhatsApp-Bild-2025-04-03-um-14.45.04_0fc85601-1030x773.jpg 1030w, https:\/\/boeswirths-bauernmarkt.de\/wp-content\/uploads\/2025\/04\/WhatsApp-Bild-2025-04-03-um-14.45.04_0fc85601-768x576.jpg 768w, https:\/\/boeswirths-bauernmarkt.de\/wp-content\/uploads\/2025\/04\/WhatsApp-Bild-2025-04-03-um-14.45.04_0fc85601-1536x1152.jpg 1536w\" sizes=\"auto, (max-width: 2040px) 100vw, 2040px\" \/><\/li>\n                <li style=\"display: none; width: 100%;\" class=\"slide-1731 ms-image \" aria-roledescription=\"slide\" data-date=\"2025-04-03 21:42:59\" data-filename=\"WhatsApp-Bild-2025-04-03-um-14.45.04_5bb10af6.jpg\" data-slide-type=\"image\"><img loading=\"lazy\" decoding=\"async\" width=\"2040\" height=\"1530\" src=\"https:\/\/boeswirths-bauernmarkt.de\/wp-content\/uploads\/2025\/04\/WhatsApp-Bild-2025-04-03-um-14.45.04_5bb10af6.jpg\" class=\"slider-1440 slide-1731 msDefaultImage\" alt=\"\" rel=\"\" title=\"WhatsApp Bild 2025-04-03 um 14.45.04_5bb10af6\" srcset=\"https:\/\/boeswirths-bauernmarkt.de\/wp-content\/uploads\/2025\/04\/WhatsApp-Bild-2025-04-03-um-14.45.04_5bb10af6.jpg 2040w, https:\/\/boeswirths-bauernmarkt.de\/wp-content\/uploads\/2025\/04\/WhatsApp-Bild-2025-04-03-um-14.45.04_5bb10af6-300x225.jpg 300w, https:\/\/boeswirths-bauernmarkt.de\/wp-content\/uploads\/2025\/04\/WhatsApp-Bild-2025-04-03-um-14.45.04_5bb10af6-1030x773.jpg 1030w, https:\/\/boeswirths-bauernmarkt.de\/wp-content\/uploads\/2025\/04\/WhatsApp-Bild-2025-04-03-um-14.45.04_5bb10af6-768x576.jpg 768w, https:\/\/boeswirths-bauernmarkt.de\/wp-content\/uploads\/2025\/04\/WhatsApp-Bild-2025-04-03-um-14.45.04_5bb10af6-1536x1152.jpg 1536w\" sizes=\"auto, (max-width: 2040px) 100vw, 2040px\" \/><\/li>\n                <li style=\"display: none; width: 100%;\" class=\"slide-1729 ms-image \" aria-roledescription=\"slide\" data-date=\"2025-04-03 21:42:22\" data-filename=\"WhatsApp-Bild-2025-04-03-um-14.45.05_756d4d85.jpg\" data-slide-type=\"image\"><img loading=\"lazy\" decoding=\"async\" width=\"2040\" height=\"1530\" src=\"https:\/\/boeswirths-bauernmarkt.de\/wp-content\/uploads\/2025\/04\/WhatsApp-Bild-2025-04-03-um-14.45.05_756d4d85.jpg\" class=\"slider-1440 slide-1729 msDefaultImage\" alt=\"\" rel=\"\" title=\"WhatsApp Bild 2025-04-03 um 14.45.05_756d4d85\" srcset=\"https:\/\/boeswirths-bauernmarkt.de\/wp-content\/uploads\/2025\/04\/WhatsApp-Bild-2025-04-03-um-14.45.05_756d4d85.jpg 2040w, https:\/\/boeswirths-bauernmarkt.de\/wp-content\/uploads\/2025\/04\/WhatsApp-Bild-2025-04-03-um-14.45.05_756d4d85-300x225.jpg 300w, https:\/\/boeswirths-bauernmarkt.de\/wp-content\/uploads\/2025\/04\/WhatsApp-Bild-2025-04-03-um-14.45.05_756d4d85-1030x773.jpg 1030w, https:\/\/boeswirths-bauernmarkt.de\/wp-content\/uploads\/2025\/04\/WhatsApp-Bild-2025-04-03-um-14.45.05_756d4d85-768x576.jpg 768w, https:\/\/boeswirths-bauernmarkt.de\/wp-content\/uploads\/2025\/04\/WhatsApp-Bild-2025-04-03-um-14.45.05_756d4d85-1536x1152.jpg 1536w\" sizes=\"auto, (max-width: 2040px) 100vw, 2040px\" \/><\/li>\n                <li style=\"display: none; width: 100%;\" class=\"slide-1733 ms-image \" aria-roledescription=\"slide\" data-date=\"2025-04-03 21:46:00\" data-filename=\"WhatsApp-Bild-2025-04-03-um-14.45.05_2f8a5f1f.jpg\" data-slide-type=\"image\"><img loading=\"lazy\" decoding=\"async\" width=\"1530\" height=\"2040\" src=\"https:\/\/boeswirths-bauernmarkt.de\/wp-content\/uploads\/2025\/04\/WhatsApp-Bild-2025-04-03-um-14.45.05_2f8a5f1f.jpg\" class=\"slider-1440 slide-1733 msDefaultImage\" alt=\"\" rel=\"\" title=\"WhatsApp Bild 2025-04-03 um 14.45.05_2f8a5f1f\" srcset=\"https:\/\/boeswirths-bauernmarkt.de\/wp-content\/uploads\/2025\/04\/WhatsApp-Bild-2025-04-03-um-14.45.05_2f8a5f1f.jpg 1530w, https:\/\/boeswirths-bauernmarkt.de\/wp-content\/uploads\/2025\/04\/WhatsApp-Bild-2025-04-03-um-14.45.05_2f8a5f1f-225x300.jpg 225w, https:\/\/boeswirths-bauernmarkt.de\/wp-content\/uploads\/2025\/04\/WhatsApp-Bild-2025-04-03-um-14.45.05_2f8a5f1f-773x1030.jpg 773w, https:\/\/boeswirths-bauernmarkt.de\/wp-content\/uploads\/2025\/04\/WhatsApp-Bild-2025-04-03-um-14.45.05_2f8a5f1f-768x1024.jpg 768w, https:\/\/boeswirths-bauernmarkt.de\/wp-content\/uploads\/2025\/04\/WhatsApp-Bild-2025-04-03-um-14.45.05_2f8a5f1f-1152x1536.jpg 1152w\" sizes=\"auto, (max-width: 1530px) 100vw, 1530px\" \/><\/li>\n                <li style=\"display: none; width: 100%;\" class=\"slide-1734 ms-image \" aria-roledescription=\"slide\" data-date=\"2025-04-03 21:52:28\" data-filename=\"Zitronen.jpg\" data-slide-type=\"image\"><img loading=\"lazy\" decoding=\"async\" width=\"2410\" height=\"1356\" src=\"https:\/\/boeswirths-bauernmarkt.de\/wp-content\/uploads\/2019\/07\/Zitronen.jpg\" class=\"slider-1440 slide-1734 msDefaultImage\" alt=\"\" rel=\"\" title=\"Zitronen\" srcset=\"https:\/\/boeswirths-bauernmarkt.de\/wp-content\/uploads\/2019\/07\/Zitronen.jpg 2410w, https:\/\/boeswirths-bauernmarkt.de\/wp-content\/uploads\/2019\/07\/Zitronen-300x169.jpg 300w, https:\/\/boeswirths-bauernmarkt.de\/wp-content\/uploads\/2019\/07\/Zitronen-768x432.jpg 768w, https:\/\/boeswirths-bauernmarkt.de\/wp-content\/uploads\/2019\/07\/Zitronen-1030x580.jpg 1030w, https:\/\/boeswirths-bauernmarkt.de\/wp-content\/uploads\/2019\/07\/Zitronen-1500x844.jpg 1500w, https:\/\/boeswirths-bauernmarkt.de\/wp-content\/uploads\/2019\/07\/Zitronen-705x397.jpg 705w, https:\/\/boeswirths-bauernmarkt.de\/wp-content\/uploads\/2019\/07\/Zitronen-450x253.jpg 450w\" sizes=\"auto, (max-width: 2410px) 100vw, 2410px\" \/><\/li>\n                <li style=\"display: none; width: 100%;\" class=\"slide-1735 ms-image \" aria-roledescription=\"slide\" data-date=\"2025-04-03 21:53:02\" data-filename=\"Geschenkkorb_Paprika.jpg\" data-slide-type=\"image\"><img loading=\"lazy\" decoding=\"async\" width=\"3240\" height=\"1825\" src=\"https:\/\/boeswirths-bauernmarkt.de\/wp-content\/uploads\/2019\/07\/Geschenkkorb_Paprika.jpg\" class=\"slider-1440 slide-1735 msDefaultImage\" alt=\"\" rel=\"\" title=\"Geschenkkorb_Paprika\" srcset=\"https:\/\/boeswirths-bauernmarkt.de\/wp-content\/uploads\/2019\/07\/Geschenkkorb_Paprika.jpg 3240w, https:\/\/boeswirths-bauernmarkt.de\/wp-content\/uploads\/2019\/07\/Geschenkkorb_Paprika-300x169.jpg 300w, https:\/\/boeswirths-bauernmarkt.de\/wp-content\/uploads\/2019\/07\/Geschenkkorb_Paprika-768x433.jpg 768w, https:\/\/boeswirths-bauernmarkt.de\/wp-content\/uploads\/2019\/07\/Geschenkkorb_Paprika-1030x580.jpg 1030w, https:\/\/boeswirths-bauernmarkt.de\/wp-content\/uploads\/2019\/07\/Geschenkkorb_Paprika-1500x845.jpg 1500w, https:\/\/boeswirths-bauernmarkt.de\/wp-content\/uploads\/2019\/07\/Geschenkkorb_Paprika-705x397.jpg 705w, https:\/\/boeswirths-bauernmarkt.de\/wp-content\/uploads\/2019\/07\/Geschenkkorb_Paprika-450x253.jpg 450w\" sizes=\"auto, (max-width: 3240px) 100vw, 3240px\" \/><\/li>\n                <li style=\"display: none; width: 100%;\" class=\"slide-1736 ms-image \" aria-roledescription=\"slide\" data-date=\"2025-04-03 21:53:19\" data-filename=\"\u00c4pfel_Korb.jpg\" data-slide-type=\"image\"><img loading=\"lazy\" decoding=\"async\" width=\"1601\" height=\"901\" src=\"https:\/\/boeswirths-bauernmarkt.de\/wp-content\/uploads\/2019\/07\/\u00c4pfel_Korb.jpg\" class=\"slider-1440 slide-1736 msDefaultImage\" alt=\"\" rel=\"\" title=\"\u00c4pfel_Korb\" srcset=\"https:\/\/boeswirths-bauernmarkt.de\/wp-content\/uploads\/2019\/07\/\u00c4pfel_Korb.jpg 1601w, https:\/\/boeswirths-bauernmarkt.de\/wp-content\/uploads\/2019\/07\/\u00c4pfel_Korb-300x169.jpg 300w, https:\/\/boeswirths-bauernmarkt.de\/wp-content\/uploads\/2019\/07\/\u00c4pfel_Korb-768x432.jpg 768w, https:\/\/boeswirths-bauernmarkt.de\/wp-content\/uploads\/2019\/07\/\u00c4pfel_Korb-1030x580.jpg 1030w, https:\/\/boeswirths-bauernmarkt.de\/wp-content\/uploads\/2019\/07\/\u00c4pfel_Korb-1500x844.jpg 1500w, https:\/\/boeswirths-bauernmarkt.de\/wp-content\/uploads\/2019\/07\/\u00c4pfel_Korb-705x397.jpg 705w, https:\/\/boeswirths-bauernmarkt.de\/wp-content\/uploads\/2019\/07\/\u00c4pfel_Korb-450x253.jpg 450w\" sizes=\"auto, (max-width: 1601px) 100vw, 1601px\" \/><\/li>\n                <li style=\"display: none; width: 100%;\" class=\"slide-1738 ms-image \" aria-roledescription=\"slide\" data-date=\"2025-04-03 21:53:56\" data-filename=\"Streuobst.jpg\" data-slide-type=\"image\"><img loading=\"lazy\" decoding=\"async\" width=\"1000\" height=\"563\" src=\"https:\/\/boeswirths-bauernmarkt.de\/wp-content\/uploads\/2018\/10\/Streuobst.jpg\" class=\"slider-1440 slide-1738 msDefaultImage\" alt=\"\" rel=\"\" title=\"Streuobst\" srcset=\"https:\/\/boeswirths-bauernmarkt.de\/wp-content\/uploads\/2018\/10\/Streuobst.jpg 1000w, https:\/\/boeswirths-bauernmarkt.de\/wp-content\/uploads\/2018\/10\/Streuobst-300x169.jpg 300w, https:\/\/boeswirths-bauernmarkt.de\/wp-content\/uploads\/2018\/10\/Streuobst-768x432.jpg 768w, https:\/\/boeswirths-bauernmarkt.de\/wp-content\/uploads\/2018\/10\/Streuobst-705x397.jpg 705w, https:\/\/boeswirths-bauernmarkt.de\/wp-content\/uploads\/2018\/10\/Streuobst-450x253.jpg 450w\" sizes=\"auto, (max-width: 1000px) 100vw, 1000px\" \/><\/li>\n                <li style=\"display: none; width: 100%;\" class=\"slide-1739 ms-image \" aria-roledescription=\"slide\" data-date=\"2025-04-03 21:54:24\" data-filename=\"Deko.jpg\" data-slide-type=\"image\"><img loading=\"lazy\" decoding=\"async\" width=\"1000\" height=\"563\" src=\"https:\/\/boeswirths-bauernmarkt.de\/wp-content\/uploads\/2018\/10\/Deko.jpg\" class=\"slider-1440 slide-1739 msDefaultImage\" alt=\"\" rel=\"\" title=\"Deko\" srcset=\"https:\/\/boeswirths-bauernmarkt.de\/wp-content\/uploads\/2018\/10\/Deko.jpg 1000w, https:\/\/boeswirths-bauernmarkt.de\/wp-content\/uploads\/2018\/10\/Deko-300x169.jpg 300w, https:\/\/boeswirths-bauernmarkt.de\/wp-content\/uploads\/2018\/10\/Deko-768x432.jpg 768w, https:\/\/boeswirths-bauernmarkt.de\/wp-content\/uploads\/2018\/10\/Deko-705x397.jpg 705w, https:\/\/boeswirths-bauernmarkt.de\/wp-content\/uploads\/2018\/10\/Deko-450x253.jpg 450w\" sizes=\"auto, (max-width: 1000px) 100vw, 1000px\" \/><\/li>\n                <li style=\"display: none; width: 100%;\" class=\"slide-1741 ms-image \" aria-roledescription=\"slide\" data-date=\"2025-04-03 21:54:55\" data-filename=\"Geschenkkorb.jpg\" data-slide-type=\"image\"><img loading=\"lazy\" decoding=\"async\" width=\"1000\" height=\"565\" src=\"https:\/\/boeswirths-bauernmarkt.de\/wp-content\/uploads\/2018\/10\/Geschenkkorb.jpg\" class=\"slider-1440 slide-1741 msDefaultImage\" alt=\"\" rel=\"\" title=\"Geschenkkorb\" srcset=\"https:\/\/boeswirths-bauernmarkt.de\/wp-content\/uploads\/2018\/10\/Geschenkkorb.jpg 1000w, https:\/\/boeswirths-bauernmarkt.de\/wp-content\/uploads\/2018\/10\/Geschenkkorb-300x170.jpg 300w, https:\/\/boeswirths-bauernmarkt.de\/wp-content\/uploads\/2018\/10\/Geschenkkorb-768x434.jpg 768w, https:\/\/boeswirths-bauernmarkt.de\/wp-content\/uploads\/2018\/10\/Geschenkkorb-705x398.jpg 705w, https:\/\/boeswirths-bauernmarkt.de\/wp-content\/uploads\/2018\/10\/Geschenkkorb-450x254.jpg 450w\" sizes=\"auto, (max-width: 1000px) 100vw, 1000px\" \/><div class=\"caption-wrap\"><div class=\"caption\">Mittlerer Geschenkkorb<\/div><\/div><\/li>\n                <li style=\"display: none; width: 100%;\" class=\"slide-1737 ms-image \" aria-roledescription=\"slide\" data-date=\"2025-04-03 21:53:34\" data-filename=\"Federwei\u00dfer.jpg\" data-slide-type=\"image\"><img loading=\"lazy\" decoding=\"async\" width=\"3159\" height=\"1777\" src=\"https:\/\/boeswirths-bauernmarkt.de\/wp-content\/uploads\/2019\/07\/Federwei\u00dfer.jpg\" class=\"slider-1440 slide-1737 msDefaultImage\" alt=\"\" rel=\"\" title=\"Federwei\u00dfer\" srcset=\"https:\/\/boeswirths-bauernmarkt.de\/wp-content\/uploads\/2019\/07\/Federwei\u00dfer.jpg 3159w, https:\/\/boeswirths-bauernmarkt.de\/wp-content\/uploads\/2019\/07\/Federwei\u00dfer-300x169.jpg 300w, https:\/\/boeswirths-bauernmarkt.de\/wp-content\/uploads\/2019\/07\/Federwei\u00dfer-768x432.jpg 768w, https:\/\/boeswirths-bauernmarkt.de\/wp-content\/uploads\/2019\/07\/Federwei\u00dfer-1030x579.jpg 1030w, https:\/\/boeswirths-bauernmarkt.de\/wp-content\/uploads\/2019\/07\/Federwei\u00dfer-1500x844.jpg 1500w, https:\/\/boeswirths-bauernmarkt.de\/wp-content\/uploads\/2019\/07\/Federwei\u00dfer-705x397.jpg 705w, https:\/\/boeswirths-bauernmarkt.de\/wp-content\/uploads\/2019\/07\/Federwei\u00dfer-450x253.jpg 450w\" sizes=\"auto, (max-width: 3159px) 100vw, 3159px\" \/><\/li>\n                <li style=\"display: none; width: 100%;\" class=\"slide-1740 ms-image \" aria-roledescription=\"slide\" data-date=\"2025-04-03 21:54:47\" data-filename=\"Kleiner_Geschenkkorb.jpg\" data-slide-type=\"image\"><img loading=\"lazy\" decoding=\"async\" width=\"1000\" height=\"563\" src=\"https:\/\/boeswirths-bauernmarkt.de\/wp-content\/uploads\/2018\/10\/Kleiner_Geschenkkorb.jpg\" class=\"slider-1440 slide-1740 msDefaultImage\" alt=\"\" rel=\"\" title=\"Kleiner_Geschenkkorb\" srcset=\"https:\/\/boeswirths-bauernmarkt.de\/wp-content\/uploads\/2018\/10\/Kleiner_Geschenkkorb.jpg 1000w, https:\/\/boeswirths-bauernmarkt.de\/wp-content\/uploads\/2018\/10\/Kleiner_Geschenkkorb-300x169.jpg 300w, https:\/\/boeswirths-bauernmarkt.de\/wp-content\/uploads\/2018\/10\/Kleiner_Geschenkkorb-768x432.jpg 768w, https:\/\/boeswirths-bauernmarkt.de\/wp-content\/uploads\/2018\/10\/Kleiner_Geschenkkorb-705x397.jpg 705w, https:\/\/boeswirths-bauernmarkt.de\/wp-content\/uploads\/2018\/10\/Kleiner_Geschenkkorb-450x253.jpg 450w\" sizes=\"auto, (max-width: 1000px) 100vw, 1000px\" \/><div class=\"caption-wrap\"><div class=\"caption\">Kleiner Geschenkkorb<\/div><\/div><\/li>\n            <\/ul>\n        <\/div>\n        \n    <\/div>\n<\/div>\n\n\n\n<div style=\"height:74px\" aria-hidden=\"true\" class=\"wp-block-spacer\"><\/div>\n\n\n\n<div class=\"wp-block-columns are-vertically-aligned-top is-layout-flex wp-container-core-columns-is-layout-9d6595d7 wp-block-columns-is-layout-flex\">\n<div class=\"wp-block-column is-vertically-aligned-top is-layout-flow wp-block-column-is-layout-flow\" style=\"flex-basis:100%\">\n<figure class=\"wp-block-table aligncenter\"><table class=\"has-fixed-layout\"><tbody><tr><td class=\"has-text-align-center\" data-align=\"center\"><p><br><br><br><br><br><\/p><\/td><td class=\"has-text-align-center\" data-align=\"center\"><strong>B\u00f6swirth&#8217;s Bauernmarkt<\/strong><br>&nbsp;<br>M\u00fcnchner Str. 11<br>85247 Schwabhausen<br><br>Telefon: +49 (0) 176-76628112<br>E-Mail: boeswirth@freenet.de<\/td><\/tr><tr><td class=\"has-text-align-center\" data-align=\"center\"><\/td><td class=\"has-text-align-center\" data-align=\"center\"><strong>\u00d6ffnungszeiten<\/strong>:<br><strong>\u00a0<\/strong><br>Mo\/Di\/Do 8:30 \u2013 17:00 Uhr<br>Mittwoch 8:30 \u2013 12:30 Uhr<br>Freitag 8:30 \u2013 18:00 Uhr<br>Samstag 8:00 \u2013 12:30 Uhr<br><br><br><br><br><\/td><\/tr><\/tbody><\/table><\/figure>\n<\/div>\n<\/div>\n\n\n\n<div style=\"height:100px\" aria-hidden=\"true\" class=\"wp-block-spacer\"><\/div>\n\n\n\n<p><\/p>\n","protected":false},"excerpt":{"rendered":"<p>B\u00f6swirth&#8217;s Bauernmarkt&nbsp;M\u00fcnchner Str. 1185247 Schwabhausen Telefon: +49 (0) 176-76628112E-Mail: boeswirth@freenet.de \u00d6ffnungszeiten:\u00a0Mo\/Di\/Do 8:30 \u2013 17:00 UhrMittwoch 8:30 \u2013 12:30 UhrFreitag 8:30 \u2013 18:00 UhrSamstag 8:00 \u2013 12:30 Uhr<\/p>\n","protected":false},"author":2,"featured_media":0,"parent":0,"menu_order":0,"comment_status":"closed","ping_status":"closed","template":"","meta":{"neve_meta_sidebar":"","neve_meta_container":"","neve_meta_enable_content_width":"","neve_meta_content_width":0,"neve_meta_title_alignment":"","neve_meta_author_avatar":"","neve_post_elements_order":"","neve_meta_disable_header":"","neve_meta_disable_footer":"","neve_meta_disable_title":"on","footnotes":""},"class_list":["post-24","page","type-page","status-publish","hentry"],"_links":{"self":[{"href":"https:\/\/boeswirths-bauernmarkt.de\/home\/wp-json\/wp\/v2\/pages\/24","targetHints":{"allow":["GET"]}}],"collection":[{"href":"https:\/\/boeswirths-bauernmarkt.de\/home\/wp-json\/wp\/v2\/pages"}],"about":[{"href":"https:\/\/boeswirths-bauernmarkt.de\/home\/wp-json\/wp\/v2\/types\/page"}],"author":[{"embeddable":true,"href":"https:\/\/boeswirths-bauernmarkt.de\/home\/wp-json\/wp\/v2\/users\/2"}],"replies":[{"embeddable":true,"href":"https:\/\/boeswirths-bauernmarkt.de\/home\/wp-json\/wp\/v2\/comments?post=24"}],"version-history":[{"count":10,"href":"https:\/\/boeswirths-bauernmarkt.de\/home\/wp-json\/wp\/v2\/pages\/24\/revisions"}],"predecessor-version":[{"id":1764,"href":"https:\/\/boeswirths-bauernmarkt.de\/home\/wp-json\/wp\/v2\/pages\/24\/revisions\/1764"}],"wp:attachment":[{"href":"https:\/\/boeswirths-bauernmarkt.de\/home\/wp-json\/wp\/v2\/media?parent=24"}],"curies":[{"name":"wp","href":"https:\/\/api.w.org\/{rel}","templated":true}]}}